{"id":24593,"date":"2014-10-31T17:00:54","date_gmt":"2014-10-31T15:00:54","guid":{"rendered":"https:\/\/estyl.pl\/blog\/?page_id=24593"},"modified":"2020-06-16T13:26:28","modified_gmt":"2020-06-16T11:26:28","slug":"poznaj-nas","status":"publish","type":"page","link":"https:\/\/estyl.pl\/blog\/poznaj-nas\/","title":{"rendered":"Poznaj nas"},"content":{"rendered":"<p>Cze\u015b\u0107!<br \/>\nSkoro zajrza\u0142a\u015b\/e\u015b na t\u0119 stron\u0119, to pewnie chcesz dowiedzie\u0107 si\u0119, kto tworzy blogow\u0105 ekip\u0119 <a href=\"http:\/\/estyl.pl\" target=\"_blank\" rel=\"noopener noreferrer\">Estyl.pl<br \/>\n<\/a>Jeste\u015bmy we dwie &#8211; 2 dziewczyny \ud83d\ude42 . Postanowi\u0142y\u015bmy napisa\u0107 kilka s\u0142\u00f3w o sobie, by\u015b lepiej nas pozna\u0142\/a.<\/p>\n<p><b>Agnieszka<\/b><\/p>\n<p><img decoding=\"async\" loading=\"lazy\" class=\"wp-image-36441 alignleft\" src=\"https:\/\/estyl.pl\/blog\/wp-content\/uploads\/2020\/06\/zaloga_2-300x300.jpg\" alt=\"\" width=\"150\" height=\"150\" srcset=\"https:\/\/estyl.pl\/blog\/wp-content\/uploads\/2020\/06\/zaloga_2-300x300.jpg 300w, https:\/\/estyl.pl\/blog\/wp-content\/uploads\/2020\/06\/zaloga_2-580x580.jpg 580w, https:\/\/estyl.pl\/blog\/wp-content\/uploads\/2020\/06\/zaloga_2-768x768.jpg 768w, https:\/\/estyl.pl\/blog\/wp-content\/uploads\/2020\/06\/zaloga_2-755x755.jpg 755w, https:\/\/estyl.pl\/blog\/wp-content\/uploads\/2020\/06\/zaloga_2-261x261.jpg 261w, https:\/\/estyl.pl\/blog\/wp-content\/uploads\/2020\/06\/zaloga_2.jpg 1341w\" sizes=\"(max-width: 150px) 100vw, 150px\" \/><span data-sheets-value=\"{&quot;1&quot;:2,&quot;2&quot;:&quot;Od kosmetyk\u00f3w wymaga naprawd\u0119 wiele i bardzo ma\u0142o produkt\u00f3w spe\u0142nia jej wy\u015brubowane normy. Ale gdy ju\u017c znajdzie sw\u00f3j HIT, to ekspresyjnie informuje ca\u0142y \u015bwiat o tym fakcie, aby inne osoby te\u017c mog\u0142y wypr\u00f3bowa\u0107 t\u0119 urodow\u0105 pere\u0142k\u0119. W wolnym czasie bez pami\u0119ci zapatrzona w swojego ukochanego psa-kundelka, z kt\u00f3rym zar\u00f3wno \u0107wiczy Rally-O, jak i beztrosko ogl\u0105da seriale na kanapie.&quot;}\" data-sheets-userformat=\"{&quot;2&quot;:769,&quot;3&quot;:{&quot;1&quot;:0},&quot;11&quot;:4,&quot;12&quot;:0}\">Od kosmetyk\u00f3w wymaga naprawd\u0119 wiele i bardzo ma\u0142o produkt\u00f3w spe\u0142nia jej wy\u015brubowane normy. Ale gdy ju\u017c znajdzie sw\u00f3j HIT, to ekspresyjnie informuje ca\u0142y \u015bwiat o tym fakcie, aby inne osoby te\u017c mog\u0142y wypr\u00f3bowa\u0107 t\u0119 urodow\u0105 pere\u0142k\u0119. W wolnym czasie bez pami\u0119ci zapatrzona w swojego ukochanego psa-kundelka, z kt\u00f3rym zar\u00f3wno \u0107wiczy Rally-O, jak i beztrosko ogl\u0105da seriale na kanapie.<\/span><\/p>\n<p><strong>Karolina<\/strong><\/p>\n<p><span data-sheets-value=\"{&quot;1&quot;:2,&quot;2&quot;:&quot;Mama dw\u00f3jki ch\u0142opc\u00f3w, przy kt\u00f3rych nie ma szans si\u0119 nudzi\u0107. Z natury optymistka spogl\u0105daj\u0105c\u0105 na \u015bwiat przez r\u00f3\u017cowe okulary. Czas wolny lubi sp\u0119dza\u0107 aktywnie - na wycieczki rowerowe czy g\u00f3rskie nie trzeba jej d\u0142ugo namawia\u0107, a spotkania z przyjaci\u00f3\u0142mi dodaj\u0105 jej energii do dzia\u0142ania. Piel\u0119gnacja cia\u0142a, w\u0142os\u00f3w i makija\u017c to tematy, kt\u00f3re interesowa\u0142y j\u0105 od zawsze i kt\u00f3rymi lubi si\u0119 dzieli\u0107 z innymi. &quot;}\" data-sheets-userformat=\"{&quot;2&quot;:769,&quot;3&quot;:{&quot;1&quot;:0},&quot;11&quot;:4,&quot;12&quot;:0}\"><img decoding=\"async\" loading=\"lazy\" class=\"alignleft wp-image-36021\" src=\"https:\/\/estyl.pl\/blog\/wp-content\/uploads\/2014\/10\/zaloga_45-300x300.jpg\" alt=\"\" width=\"150\" height=\"150\" srcset=\"https:\/\/estyl.pl\/blog\/wp-content\/uploads\/2014\/10\/zaloga_45-300x300.jpg 300w, https:\/\/estyl.pl\/blog\/wp-content\/uploads\/2014\/10\/zaloga_45-580x580.jpg 580w, https:\/\/estyl.pl\/blog\/wp-content\/uploads\/2014\/10\/zaloga_45-755x755.jpg 755w, https:\/\/estyl.pl\/blog\/wp-content\/uploads\/2014\/10\/zaloga_45-261x261.jpg 261w, https:\/\/estyl.pl\/blog\/wp-content\/uploads\/2014\/10\/zaloga_45.jpg 1341w\" sizes=\"(max-width: 150px) 100vw, 150px\" \/><\/span><span data-sheets-value=\"{&quot;1&quot;:2,&quot;2&quot;:&quot;Mama dw\u00f3jki ch\u0142opc\u00f3w, przy kt\u00f3rych nie ma szans si\u0119 nudzi\u0107. Z natury optymistka spogl\u0105daj\u0105c\u0105 na \u015bwiat przez r\u00f3\u017cowe okulary. Czas wolny lubi sp\u0119dza\u0107 aktywnie - na wycieczki rowerowe czy g\u00f3rskie nie trzeba jej d\u0142ugo namawia\u0107, a spotkania z przyjaci\u00f3\u0142mi dodaj\u0105 jej energii do dzia\u0142ania. Piel\u0119gnacja cia\u0142a, w\u0142os\u00f3w i makija\u017c to tematy, kt\u00f3re interesowa\u0142y j\u0105 od zawsze i kt\u00f3rymi lubi si\u0119 dzieli\u0107 z innymi. &quot;}\" data-sheets-userformat=\"{&quot;2&quot;:769,&quot;3&quot;:{&quot;1&quot;:0},&quot;11&quot;:4,&quot;12&quot;:0}\">Mama dw\u00f3jki ch\u0142opc\u00f3w, przy kt\u00f3rych nie ma szans si\u0119 nudzi\u0107. Z natury optymistka spogl\u0105daj\u0105c\u0105 na \u015bwiat przez r\u00f3\u017cowe okulary. Czas wolny lubi sp\u0119dza\u0107 aktywnie &#8211; na wycieczki rowerowe czy g\u00f3rskie nie trzeba jej d\u0142ugo namawia\u0107, a spotkania z przyjaci\u00f3\u0142mi dodaj\u0105 jej energii do dzia\u0142ania. Piel\u0119gnacja cia\u0142a i w\u0142os\u00f3w oraz makija\u017c to tematy, kt\u00f3re interesowa\u0142y j\u0105 od zawsze i kt\u00f3rymi lubi dzieli\u0107 si\u0119 z innymi. <\/span><\/p>\n<p>Mamy nadziej\u0119, \u017ce kilka s\u0142\u00f3w o nas pozwoli Wam lepiej nas pozna\u0107 i uprzyjemni czytanie naszych test\u00f3w, opinii i perypetii \u017cyciowych \ud83d\ude42<\/p>\n","protected":false},"excerpt":{"rendered":"<p>Cze\u015b\u0107! Skoro zajrza\u0142a\u015b\/e\u015b na t\u0119 stron\u0119, to pewnie chcesz dowiedzie\u0107 si\u0119, kto tworzy blogow\u0105 ekip\u0119 Estyl.pl Jeste\u015bmy we dwie &#8211; 2 dziewczyny \ud83d\ude42 . Postanowi\u0142y\u015bmy napisa\u0107 kilka s\u0142\u00f3w o sobie, by\u015b lepiej nas pozna\u0142\/a. Agnieszka Od kosmetyk\u00f3w wymaga naprawd\u0119 wiele i bardzo ma\u0142o produkt\u00f3w spe\u0142nia jej wy\u015brubowane normy. Ale gdy ju\u017c znajdzie sw\u00f3j HIT, to [&hellip;]<\/p>\n","protected":false},"author":1,"featured_media":0,"parent":0,"menu_order":0,"comment_status":"open","ping_status":"closed","template":"","meta":{"_eb_attr":""},"acf":[],"yoast_head":"<!-- This site is optimized with the Yoast SEO plugin v20.8 - https:\/\/yoast.com\/wordpress\/plugins\/seo\/ -->\n<title>Poznaj nas - Blog | Estyl.pl<\/title>\n<meta name=\"robots\" content=\"index, follow, max-snippet:-1, max-image-preview:large, max-video-preview:-1\" \/>\n<link rel=\"canonical\" href=\"https:\/\/estyl.pl\/blog\/poznaj-nas\/\" \/>\n<meta property=\"og:locale\" content=\"pl_PL\" \/>\n<meta property=\"og:type\" content=\"article\" \/>\n<meta property=\"og:title\" content=\"Poznaj nas - Blog | Estyl.pl\" \/>\n<meta property=\"og:description\" content=\"Cze\u015b\u0107! Skoro zajrza\u0142a\u015b\/e\u015b na t\u0119 stron\u0119, to pewnie chcesz dowiedzie\u0107 si\u0119, kto tworzy blogow\u0105 ekip\u0119 Estyl.pl Jeste\u015bmy we dwie &#8211; 2 dziewczyny \ud83d\ude42 . Postanowi\u0142y\u015bmy napisa\u0107 kilka s\u0142\u00f3w o sobie, by\u015b lepiej nas pozna\u0142\/a. Agnieszka Od kosmetyk\u00f3w wymaga naprawd\u0119 wiele i bardzo ma\u0142o produkt\u00f3w spe\u0142nia jej wy\u015brubowane normy. Ale gdy ju\u017c znajdzie sw\u00f3j HIT, to [&hellip;]\" \/>\n<meta property=\"og:url\" content=\"https:\/\/estyl.pl\/blog\/poznaj-nas\/\" \/>\n<meta property=\"og:site_name\" content=\"Blog | Estyl.pl\" \/>\n<meta property=\"article:modified_time\" content=\"2020-06-16T11:26:28+00:00\" \/>\n<meta property=\"og:image\" content=\"https:\/\/estyl.pl\/blog\/wp-content\/uploads\/2020\/06\/zaloga_2-300x300.jpg\" \/>\n<meta name=\"twitter:label1\" content=\"Szacowany czas czytania\" \/>\n\t<meta name=\"twitter:data1\" content=\"1 minuta\" \/>\n<script type=\"application\/ld+json\" class=\"yoast-schema-graph\">{\"@context\":\"https:\/\/schema.org\",\"@graph\":[{\"@type\":\"WebPage\",\"@id\":\"https:\/\/estyl.pl\/blog\/poznaj-nas\/\",\"url\":\"https:\/\/estyl.pl\/blog\/poznaj-nas\/\",\"name\":\"Poznaj nas - Blog | Estyl.pl\",\"isPartOf\":{\"@id\":\"https:\/\/estyl.pl\/blog\/#website\"},\"datePublished\":\"2014-10-31T15:00:54+00:00\",\"dateModified\":\"2020-06-16T11:26:28+00:00\",\"inLanguage\":\"pl-PL\",\"potentialAction\":[{\"@type\":\"ReadAction\",\"target\":[\"https:\/\/estyl.pl\/blog\/poznaj-nas\/\"]}]},{\"@type\":\"WebSite\",\"@id\":\"https:\/\/estyl.pl\/blog\/#website\",\"url\":\"https:\/\/estyl.pl\/blog\/\",\"name\":\"Blog | Estyl.pl\",\"description\":\"Kosmetyki do w\u0142os\u00f3w, porady, piel\u0119gnacja, stylizacja\",\"potentialAction\":[{\"@type\":\"SearchAction\",\"target\":{\"@type\":\"EntryPoint\",\"urlTemplate\":\"https:\/\/estyl.pl\/blog\/?s={search_term_string}\"},\"query-input\":\"required name=search_term_string\"}],\"inLanguage\":\"pl-PL\"}]}<\/script>\n<!-- \/ Yoast SEO plugin. -->","yoast_head_json":{"title":"Poznaj nas - Blog | Estyl.pl","robots":{"index":"index","follow":"follow","max-snippet":"max-snippet:-1","max-image-preview":"max-image-preview:large","max-video-preview":"max-video-preview:-1"},"canonical":"https:\/\/estyl.pl\/blog\/poznaj-nas\/","og_locale":"pl_PL","og_type":"article","og_title":"Poznaj nas - Blog | Estyl.pl","og_description":"Cze\u015b\u0107! Skoro zajrza\u0142a\u015b\/e\u015b na t\u0119 stron\u0119, to pewnie chcesz dowiedzie\u0107 si\u0119, kto tworzy blogow\u0105 ekip\u0119 Estyl.pl Jeste\u015bmy we dwie &#8211; 2 dziewczyny \ud83d\ude42 . Postanowi\u0142y\u015bmy napisa\u0107 kilka s\u0142\u00f3w o sobie, by\u015b lepiej nas pozna\u0142\/a. Agnieszka Od kosmetyk\u00f3w wymaga naprawd\u0119 wiele i bardzo ma\u0142o produkt\u00f3w spe\u0142nia jej wy\u015brubowane normy. Ale gdy ju\u017c znajdzie sw\u00f3j HIT, to [&hellip;]","og_url":"https:\/\/estyl.pl\/blog\/poznaj-nas\/","og_site_name":"Blog | Estyl.pl","article_modified_time":"2020-06-16T11:26:28+00:00","og_image":[{"url":"https:\/\/estyl.pl\/blog\/wp-content\/uploads\/2020\/06\/zaloga_2-300x300.jpg"}],"twitter_misc":{"Szacowany czas czytania":"1 minuta"},"schema":{"@context":"https:\/\/schema.org","@graph":[{"@type":"WebPage","@id":"https:\/\/estyl.pl\/blog\/poznaj-nas\/","url":"https:\/\/estyl.pl\/blog\/poznaj-nas\/","name":"Poznaj nas - Blog | Estyl.pl","isPartOf":{"@id":"https:\/\/estyl.pl\/blog\/#website"},"datePublished":"2014-10-31T15:00:54+00:00","dateModified":"2020-06-16T11:26:28+00:00","inLanguage":"pl-PL","potentialAction":[{"@type":"ReadAction","target":["https:\/\/estyl.pl\/blog\/poznaj-nas\/"]}]},{"@type":"WebSite","@id":"https:\/\/estyl.pl\/blog\/#website","url":"https:\/\/estyl.pl\/blog\/","name":"Blog | Estyl.pl","description":"Kosmetyki do w\u0142os\u00f3w, porady, piel\u0119gnacja, stylizacja","potentialAction":[{"@type":"SearchAction","target":{"@type":"EntryPoint","urlTemplate":"https:\/\/estyl.pl\/blog\/?s={search_term_string}"},"query-input":"required name=search_term_string"}],"inLanguage":"pl-PL"}]}},"_links":{"self":[{"href":"https:\/\/estyl.pl\/blog\/wp-json\/wp\/v2\/pages\/24593"}],"collection":[{"href":"https:\/\/estyl.pl\/blog\/wp-json\/wp\/v2\/pages"}],"about":[{"href":"https:\/\/estyl.pl\/blog\/wp-json\/wp\/v2\/types\/page"}],"author":[{"embeddable":true,"href":"https:\/\/estyl.pl\/blog\/wp-json\/wp\/v2\/users\/1"}],"replies":[{"embeddable":true,"href":"https:\/\/estyl.pl\/blog\/wp-json\/wp\/v2\/comments?post=24593"}],"version-history":[{"count":28,"href":"https:\/\/estyl.pl\/blog\/wp-json\/wp\/v2\/pages\/24593\/revisions"}],"predecessor-version":[{"id":36463,"href":"https:\/\/estyl.pl\/blog\/wp-json\/wp\/v2\/pages\/24593\/revisions\/36463"}],"wp:attachment":[{"href":"https:\/\/estyl.pl\/blog\/wp-json\/wp\/v2\/media?parent=24593"}],"curies":[{"name":"wp","href":"https:\/\/api.w.org\/{rel}","templated":true}]}}