{"id":53,"date":"2011-02-02T11:42:26","date_gmt":"2011-02-02T11:42:26","guid":{"rendered":"http:\/\/ntstudio.pl\/cms\/wordpress\/"},"modified":"2024-06-28T12:58:09","modified_gmt":"2024-06-28T10:58:09","slug":"kontakt","status":"publish","type":"page","link":"https:\/\/estyl.pl\/blog\/kontakt\/","title":{"rendered":"Kontakt"},"content":{"rendered":"<p>Estyl.pl<br \/>\nWarszawa Janki<br \/>\nul. Aleja Krakowska 38<br \/>\nTel.:\u00a022-112-09-66<br \/>\nE-mail: sklep@estyl.pl<br \/>\npon-pt: 8.00-16.00<\/p>\n<p>mail:<script type=\"text\/javascript\">\/\/ <![CDATA[\ndocument.write(unescape('%3c%61%20%68%72%65%66%3d%22%6d%61%69%6c%74%6f%3a%73%6b%6c%65%70%40%65%73%74%79%6c%2e%70%6c%22%3e%73%6b%6c%65%70%40%65%73%74%79%6c%2e%70%6c%3c%2f%61%3e'));\n\/\/ ]]><\/script><\/p>\n","protected":false},"excerpt":{"rendered":"<p>Estyl.pl Warszawa Janki ul. Aleja Krakowska 38 Tel.:\u00a022-112-09-66 E-mail: sklep@estyl.pl pon-pt: 8.00-16.00 mail:<\/p>\n","protected":false},"author":1,"featured_media":0,"parent":0,"menu_order":0,"comment_status":"closed","ping_status":"closed","template":"","meta":{"_eb_attr":""},"acf":[],"yoast_head":"<!-- This site is optimized with the Yoast SEO plugin v20.8 - https:\/\/yoast.com\/wordpress\/plugins\/seo\/ -->\n<title>Kontakt - Blog | Estyl.pl<\/title>\n<meta name=\"robots\" content=\"index, follow, max-snippet:-1, max-image-preview:large, max-video-preview:-1\" \/>\n<link rel=\"canonical\" href=\"https:\/\/estyl.pl\/blog\/kontakt\/\" \/>\n<meta property=\"og:locale\" content=\"pl_PL\" \/>\n<meta property=\"og:type\" content=\"article\" \/>\n<meta property=\"og:title\" content=\"Kontakt - Blog | Estyl.pl\" \/>\n<meta property=\"og:description\" content=\"Estyl.pl Warszawa Janki ul. Aleja Krakowska 38 Tel.:\u00a022-112-09-66 E-mail: sklep@estyl.pl pon-pt: 8.00-16.00 mail:\" \/>\n<meta property=\"og:url\" content=\"https:\/\/estyl.pl\/blog\/kontakt\/\" \/>\n<meta property=\"og:site_name\" content=\"Blog | Estyl.pl\" \/>\n<meta property=\"article:modified_time\" content=\"2024-06-28T10:58:09+00:00\" \/>\n<meta name=\"twitter:label1\" content=\"Szacowany czas czytania\" \/>\n\t<meta name=\"twitter:data1\" content=\"1 minuta\" \/>\n<script type=\"application\/ld+json\" class=\"yoast-schema-graph\">{\"@context\":\"https:\/\/schema.org\",\"@graph\":[{\"@type\":\"WebPage\",\"@id\":\"https:\/\/estyl.pl\/blog\/kontakt\/\",\"url\":\"https:\/\/estyl.pl\/blog\/kontakt\/\",\"name\":\"Kontakt - Blog | Estyl.pl\",\"isPartOf\":{\"@id\":\"https:\/\/estyl.pl\/blog\/#website\"},\"datePublished\":\"2011-02-02T11:42:26+00:00\",\"dateModified\":\"2024-06-28T10:58:09+00:00\",\"inLanguage\":\"pl-PL\",\"potentialAction\":[{\"@type\":\"ReadAction\",\"target\":[\"https:\/\/estyl.pl\/blog\/kontakt\/\"]}]},{\"@type\":\"WebSite\",\"@id\":\"https:\/\/estyl.pl\/blog\/#website\",\"url\":\"https:\/\/estyl.pl\/blog\/\",\"name\":\"Blog | Estyl.pl\",\"description\":\"Kosmetyki do w\u0142os\u00f3w, porady, piel\u0119gnacja, stylizacja\",\"potentialAction\":[{\"@type\":\"SearchAction\",\"target\":{\"@type\":\"EntryPoint\",\"urlTemplate\":\"https:\/\/estyl.pl\/blog\/?s={search_term_string}\"},\"query-input\":\"required name=search_term_string\"}],\"inLanguage\":\"pl-PL\"}]}<\/script>\n<!-- \/ Yoast SEO plugin. -->","yoast_head_json":{"title":"Kontakt - Blog | Estyl.pl","robots":{"index":"index","follow":"follow","max-snippet":"max-snippet:-1","max-image-preview":"max-image-preview:large","max-video-preview":"max-video-preview:-1"},"canonical":"https:\/\/estyl.pl\/blog\/kontakt\/","og_locale":"pl_PL","og_type":"article","og_title":"Kontakt - Blog | Estyl.pl","og_description":"Estyl.pl Warszawa Janki ul. Aleja Krakowska 38 Tel.:\u00a022-112-09-66 E-mail: sklep@estyl.pl pon-pt: 8.00-16.00 mail:","og_url":"https:\/\/estyl.pl\/blog\/kontakt\/","og_site_name":"Blog | Estyl.pl","article_modified_time":"2024-06-28T10:58:09+00:00","twitter_misc":{"Szacowany czas czytania":"1 minuta"},"schema":{"@context":"https:\/\/schema.org","@graph":[{"@type":"WebPage","@id":"https:\/\/estyl.pl\/blog\/kontakt\/","url":"https:\/\/estyl.pl\/blog\/kontakt\/","name":"Kontakt - Blog | Estyl.pl","isPartOf":{"@id":"https:\/\/estyl.pl\/blog\/#website"},"datePublished":"2011-02-02T11:42:26+00:00","dateModified":"2024-06-28T10:58:09+00:00","inLanguage":"pl-PL","potentialAction":[{"@type":"ReadAction","target":["https:\/\/estyl.pl\/blog\/kontakt\/"]}]},{"@type":"WebSite","@id":"https:\/\/estyl.pl\/blog\/#website","url":"https:\/\/estyl.pl\/blog\/","name":"Blog | Estyl.pl","description":"Kosmetyki do w\u0142os\u00f3w, porady, piel\u0119gnacja, stylizacja","potentialAction":[{"@type":"SearchAction","target":{"@type":"EntryPoint","urlTemplate":"https:\/\/estyl.pl\/blog\/?s={search_term_string}"},"query-input":"required name=search_term_string"}],"inLanguage":"pl-PL"}]}},"_links":{"self":[{"href":"https:\/\/estyl.pl\/blog\/wp-json\/wp\/v2\/pages\/53"}],"collection":[{"href":"https:\/\/estyl.pl\/blog\/wp-json\/wp\/v2\/pages"}],"about":[{"href":"https:\/\/estyl.pl\/blog\/wp-json\/wp\/v2\/types\/page"}],"author":[{"embeddable":true,"href":"https:\/\/estyl.pl\/blog\/wp-json\/wp\/v2\/users\/1"}],"replies":[{"embeddable":true,"href":"https:\/\/estyl.pl\/blog\/wp-json\/wp\/v2\/comments?post=53"}],"version-history":[{"count":14,"href":"https:\/\/estyl.pl\/blog\/wp-json\/wp\/v2\/pages\/53\/revisions"}],"predecessor-version":[{"id":39176,"href":"https:\/\/estyl.pl\/blog\/wp-json\/wp\/v2\/pages\/53\/revisions\/39176"}],"wp:attachment":[{"href":"https:\/\/estyl.pl\/blog\/wp-json\/wp\/v2\/media?parent=53"}],"curies":[{"name":"wp","href":"https:\/\/api.w.org\/{rel}","templated":true}]}}